{"id":87,"date":"2025-05-13T15:38:27","date_gmt":"2025-05-13T15:38:27","guid":{"rendered":"https:\/\/vinoseizaga.com\/legal-notice\/"},"modified":"2025-05-13T15:39:15","modified_gmt":"2025-05-13T15:39:15","slug":"legal-notice","status":"publish","type":"page","link":"https:\/\/vinoseizaga.com\/en\/legal-notice\/","title":{"rendered":"Legal Notice"},"content":{"rendered":"\n<p>En cumplimiento de la Ley Org\u00e1nica 15\/1999, de 13 de diciembre, de Protecci\u00f3n de Datos de Car\u00e1cter Personal, informamos que los datos personales que se solicitan en esta P\u00e1gina Web se incluir\u00e1n en una base de datos informatizada titularidad de NECTARIS S.L., con la finalidad \u00fanica y exclusiva de poder facilitar a los usuarios los servicios solicitados.<br\/>724 \/ 5.000<br\/>In compliance with Organic Law 15\/1999, of December 13, on the Protection of Personal Data, we inform you that the personal data requested on this Website will be included in a computerized database owned by NECTARIS S.L., with the sole and exclusive purpose of providing users with the requested services. Likewise, the user has at all times the rights of information, access, rectification, cancellation and opposition, which may be exercised by email to the address <a href=\"http:\/\/webmail.trixma.com\/imp\/dynamic.php?page=mailbox\">contacto@vinoseizaga.com<\/a> , or conventional mail to the registered office at AVDA\/ ALBERTO ALCOCER 30, 28036 MADRID.<\/p>\n","protected":false},"excerpt":{"rendered":"<p>En cumplimiento de la Ley Org\u00e1nica 15\/1999, de 13 de diciembre, de Protecci\u00f3n de Datos de Car\u00e1cter Personal, informamos que los datos personales que se solicitan en esta P\u00e1gina Web se incluir\u00e1n en una base de datos informatizada titularidad de NECTARIS S.L., con la finalidad \u00fanica y exclusiva de poder facilitar a los usuarios los &hellip; <a href=\"https:\/\/vinoseizaga.com\/en\/legal-notice\/\">Continued<\/a><\/p>\n","protected":false},"author":1,"featured_media":0,"parent":0,"menu_order":0,"comment_status":"closed","ping_status":"closed","template":"","meta":{"_acf_changed":false,"footnotes":""},"class_list":["post-87","page","type-page","status-publish","hentry"],"acf":[],"_links":{"self":[{"href":"https:\/\/vinoseizaga.com\/en\/wp-json\/wp\/v2\/pages\/87","targetHints":{"allow":["GET"]}}],"collection":[{"href":"https:\/\/vinoseizaga.com\/en\/wp-json\/wp\/v2\/pages"}],"about":[{"href":"https:\/\/vinoseizaga.com\/en\/wp-json\/wp\/v2\/types\/page"}],"author":[{"embeddable":true,"href":"https:\/\/vinoseizaga.com\/en\/wp-json\/wp\/v2\/users\/1"}],"replies":[{"embeddable":true,"href":"https:\/\/vinoseizaga.com\/en\/wp-json\/wp\/v2\/comments?post=87"}],"version-history":[{"count":1,"href":"https:\/\/vinoseizaga.com\/en\/wp-json\/wp\/v2\/pages\/87\/revisions"}],"predecessor-version":[{"id":88,"href":"https:\/\/vinoseizaga.com\/en\/wp-json\/wp\/v2\/pages\/87\/revisions\/88"}],"wp:attachment":[{"href":"https:\/\/vinoseizaga.com\/en\/wp-json\/wp\/v2\/media?parent=87"}],"curies":[{"name":"wp","href":"https:\/\/api.w.org\/{rel}","templated":true}]}}