{"id":82,"date":"2025-05-13T15:01:21","date_gmt":"2025-05-13T15:01:21","guid":{"rendered":"https:\/\/vinoseizaga.com\/politica-de-privacidad\/"},"modified":"2025-05-13T15:37:00","modified_gmt":"2025-05-13T15:37:00","slug":"politica-de-privacidad","status":"publish","type":"page","link":"https:\/\/vinoseizaga.com\/en\/politica-de-privacidad\/","title":{"rendered":"Pol\u00edtica de privacidad"},"content":{"rendered":"\n<p>En cumplimiento de la Ley 34\/2002 de Servicios de la Sociedad de la\u00a0Informaci\u00f3n y de Comercio Electr\u00f3nico de Espa\u00f1a, le informamos que esta\u00a0p\u00e1gina Web es propiedad de NECTARIS S.L., en adelante NECTARIS S.L., con\u00a0domicilio AVDA\/ ALBERTO ALCOCER 30, 28036 MADRID, con CIF B-85203321 e\u00a0inscrita en el Registro Mercantil de Madrid Tomo 24734, Folio 116 y Hoja\u00a0M-445271. Para cualquier consulta, nos puede contactar por e-mail:\u00a0contacto@vinoseizaga.com<\/p>\n\n<p>El sitio web http:\/\/www.vinoseizaga.com\/ , en adelante el PORTAL, se rige\u00a0por la normativa exclusivamente aplicable en Espa\u00f1a, quedando sometida a\u00a0ella, tanto nacionales como extranjeros que utilicen este web.<\/p>\n\n<h2 class=\"wp-block-heading\">POLITICA DE PRIVACIDAD<\/h2>\n\n<p>La confidencialidad, el secreto profesional y la seguridad son valores\u00a0primordiales de NECTARIS S.L., que asume el compromiso de garantizar la\u00a0privacidad del usuario o visitante en todo momento, y en todas las\u00a0interacciones con aquel. NECTARIS S.L. asume tambi\u00e9n el compromiso de no\u00a0recabar informaci\u00f3n innecesaria sobre el usuario.<\/p>\n\n<h3 class=\"wp-block-heading\">Protecci\u00f3n de datos personales<\/h3>\n\n<p>De conformidad con la Ley Org\u00e1nica 15\/1999 de Protecci\u00f3n de Datos de\u00a0Car\u00e1cter Personal (LOPD), y Real Decreto 1720\/2007 de desarrollo de la LOPD,\u00a0le informamos que el env\u00edo referido de los datos personales constituye el\u00a0consentimiento expreso al tratamiento de los mismos, si bien de car\u00e1cter\u00a0revocable y sin efectos retroactivos.<\/p>\n\n<p>Asimismo le informamos que todos nuestros ficheros se encuentran legalmente\u00a0inscritos en el Registro General de Datos Personales de la Agencia Espa\u00f1ola\u00a0de Protecci\u00f3n de Datos, as\u00ed como que para salvaguardar la seguridad de sus\u00a0datos personales se aplicar\u00e1n las medidas de seguridad t\u00e9cnicas y\u00a0organizativas exigidas en el Real Decreto 1720\/2007 que regula el reglamento\u00a0de medidas de seguridad de los ficheros que contengan datos de car\u00e1cter\u00a0personal.<\/p>\n\n<h3 class=\"wp-block-heading\">Uso de sus datos personales<\/h3>\n\n<p>Los datos que le solicitamos son los adecuados, pertinentes y estrictamente\u00a0necesarios para la finalidad por la que se recogen, y en ning\u00fan caso est\u00e1\u00a0obligado a facilit\u00e1rnoslos. Asimismo, nos certifica que todos los datos que\u00a0nos facilita son ciertos, veraces y pertinentes para la finalidad por la que\u00a0se los solicitamos.<\/p>\n\n<p>El PORTAL recoge sus datos personales mediante la recepci\u00f3n de diversos\u00a0formularios donde puede solicitarnos cualquier tipo de informaci\u00f3n,\u00a0aclaraci\u00f3n o duda. El env\u00edo de los mismos implica su autorizaci\u00f3n a\u00a0incorporarlos a nuestros ficheros correspondientes, si NECTARIS S.L. lo\u00a0considera conveniente, y \u00e9stos estar\u00e1n regulados por las presentes pol\u00edticas\u00a0de privacidad. Sus datos ser\u00e1n incorporados a nuestros ficheros de\u00a0tratamiento de datos.<\/p>\n\n<p>Derechos de acceso, rectificaci\u00f3n, cancelaci\u00f3n de sus datos personales<\/p>\n\n<p>En cualquier momento puede oponerse a nuestros env\u00edos comerciales, as\u00ed como\u00a0ejercer sus derechos de acceso, rectificaci\u00f3n y cancelaci\u00f3n en los t\u00e9rminos\u00a0establecidos legalmente, pudiendo hacerlo en la direcci\u00f3n y con los datos\u00a0indicados en el inicio del presente Aviso Legal, aport\u00e1ndonos copia de su\u00a0DNI.<\/p>\n\n<h3 class=\"wp-block-heading\">Comunicaciones de datos<\/h3>\n\n<p>NECTARIS S.L. le informa que sus datos son tratados confidencialmente y son\u00a0utilizados exclusivamente de manera interna y para las finalidades\u00a0indicadas. Por lo tanto, no cedemos ni comunicamos a ning\u00fan tercero sus\u00a0datos, excepto en los casos legalmente previstos, o que el usuario nos lo\u00a0autorice expresamente.<\/p>\n\n<h3 class=\"wp-block-heading\">Seguridad de sus datos personales<\/h3>\n\n<p>Con el objetivo de salvaguardar la seguridad de sus datos personales, le\u00a0informamos que NECTARIS S.L. ha adoptado todas las medidas de \u00edndole t\u00e9cnica\u00a0y organizativa necesarias para garantizar la seguridad de los datos\u00a0personales suministrados de su alteraci\u00f3n, p\u00e9rdida, y tratamientos o accesos\u00a0no autorizados, tal como exige el Real Decreto 1720\/2007 que regula el\u00a0reglamento de medidas de seguridad de los ficheros que contengan datos de\u00a0car\u00e1cter personal.<\/p>\n\n<h3 class=\"wp-block-heading\">Actualizaci\u00f3n de sus datos<\/h3>\n\n<p>Es importante que para que podamos mantener sus datos personales\u00a0actualizados, nos informe siempre que haya habido alguna modificaci\u00f3n en\u00a0ellos. En caso contrario, no respondemos de la veracidad de los mismos.\u00a0Consideramos que si no cancela sus datos personales expresamente de nuestros\u00a0ficheros, contin\u00faa interesado en seguir incorporado a los mismos hasta que\u00a0NECTARIS S.L. lo considere oportuno y mientras sea adecuado a la finalidad\u00a0por la que se obtuvieron.<\/p>\n\n<p>NECTARIS S.L., no se hace responsable de la pol\u00edtica de privacidad respecto\u00a0a los datos personales que pueda facilitar a terceros por medio de los\u00a0enlaces disponibles en el PORTAL.<\/p>\n\n<p>NECTARIS S.L. puede alterar la presente pol\u00edtica de privacidad para\u00a0adaptarla a las modificaciones que se produzcan en el PORTAL, as\u00ed como por\u00a0los cambios legislativos sobre datos personales que vayan apareciendo y\u00a0afecten a dicha pol\u00edtica. Por lo que exige su lectura, cada vez que nos\u00a0facilite sus datos a trav\u00e9s del PORTAL.<\/p>\n","protected":false},"excerpt":{"rendered":"<p>En cumplimiento de la Ley 34\/2002 de Servicios de la Sociedad de la\u00a0Informaci\u00f3n y de Comercio Electr\u00f3nico de Espa\u00f1a, le informamos que esta\u00a0p\u00e1gina Web es propiedad de NECTARIS S.L., en adelante NECTARIS S.L., con\u00a0domicilio AVDA\/ ALBERTO ALCOCER 30, 28036 MADRID, con CIF B-85203321 e\u00a0inscrita en el Registro Mercantil de Madrid Tomo 24734, Folio 116 y &hellip; <a href=\"https:\/\/vinoseizaga.com\/en\/politica-de-privacidad\/\">Continued<\/a><\/p>\n","protected":false},"author":1,"featured_media":0,"parent":0,"menu_order":0,"comment_status":"closed","ping_status":"closed","template":"","meta":{"_acf_changed":false,"footnotes":""},"class_list":["post-82","page","type-page","status-publish","hentry"],"acf":[],"_links":{"self":[{"href":"https:\/\/vinoseizaga.com\/en\/wp-json\/wp\/v2\/pages\/82","targetHints":{"allow":["GET"]}}],"collection":[{"href":"https:\/\/vinoseizaga.com\/en\/wp-json\/wp\/v2\/pages"}],"about":[{"href":"https:\/\/vinoseizaga.com\/en\/wp-json\/wp\/v2\/types\/page"}],"author":[{"embeddable":true,"href":"https:\/\/vinoseizaga.com\/en\/wp-json\/wp\/v2\/users\/1"}],"replies":[{"embeddable":true,"href":"https:\/\/vinoseizaga.com\/en\/wp-json\/wp\/v2\/comments?post=82"}],"version-history":[{"count":1,"href":"https:\/\/vinoseizaga.com\/en\/wp-json\/wp\/v2\/pages\/82\/revisions"}],"predecessor-version":[{"id":83,"href":"https:\/\/vinoseizaga.com\/en\/wp-json\/wp\/v2\/pages\/82\/revisions\/83"}],"wp:attachment":[{"href":"https:\/\/vinoseizaga.com\/en\/wp-json\/wp\/v2\/media?parent=82"}],"curies":[{"name":"wp","href":"https:\/\/api.w.org\/{rel}","templated":true}]}}